{"id":119,"date":"2024-01-28T21:15:38","date_gmt":"2024-01-28T20:15:38","guid":{"rendered":"https:\/\/xn--ligeri-5ya.com\/?post_type=product&#038;p=119"},"modified":"2024-01-28T21:18:20","modified_gmt":"2024-01-28T20:18:20","slug":"selfie-for-me","status":"publish","type":"product","link":"https:\/\/xn--ligeri-5ya.com\/?product=selfie-for-me","title":{"rendered":"Selfie for Me"},"content":{"rendered":"<p>Paintings, Oil on canvas<br \/>\u00a0100 W x 100 H x 4 D cm<\/p>\n","protected":false},"excerpt":{"rendered":"<p>Es una escena costumbrista basa en la vida cotidiana contempor\u00e1nea de dos personas donde la importancia de la imagen es mayor que la de la propia situaci\u00f3n de las personas. T\u00e9cnica mixta. Mis obras est\u00e1n incluidas en las colecciones destacadas de Saatchi Art y forman parte de muchas colecciones privadas en todo el mundo. Listo para colgar. No se requiere enmarcado (se puede enmarcar). Firmado al dorso.<\/p>\n","protected":false},"featured_media":58,"comment_status":"open","ping_status":"closed","template":"","meta":{"_regular_price":["3260"],"currency_symbol":[],"jetpack_publicize_message":"","jetpack_publicize_feature_enabled":true,"jetpack_social_post_already_shared":false,"jetpack_social_options":{"image_generator_settings":{"template":"highway","default_image_id":0,"font":"","enabled":false},"version":2}},"product_brand":[],"product_cat":[19],"product_tag":[],"class_list":{"0":"post-119","1":"product","2":"type-product","3":"status-publish","4":"has-post-thumbnail","6":"product_cat-fineart","8":"first","9":"instock","10":"taxable","11":"shipping-taxable","12":"purchasable","13":"product-type-simple"},"post_slider_layout_featured_media_urls":{"thumbnail":["https:\/\/xn--ligeri-5ya.com\/wp-content\/uploads\/2024\/01\/selfie-150x150.jpg",150,150,true],"post_slider_layout_landscape_large":["https:\/\/xn--ligeri-5ya.com\/wp-content\/uploads\/2024\/01\/selfie-1200x800.jpg",1200,800,true],"post_slider_layout_portrait_large":["https:\/\/xn--ligeri-5ya.com\/wp-content\/uploads\/2024\/01\/selfie-1200x1800.jpg",1200,1800,true],"post_slider_layout_square_large":["https:\/\/xn--ligeri-5ya.com\/wp-content\/uploads\/2024\/01\/selfie-1200x1200.jpg",1200,1200,true],"post_slider_layout_landscape":["https:\/\/xn--ligeri-5ya.com\/wp-content\/uploads\/2024\/01\/selfie-600x400.jpg",600,400,true],"post_slider_layout_portrait":["https:\/\/xn--ligeri-5ya.com\/wp-content\/uploads\/2024\/01\/selfie-600x900.jpg",600,900,true],"post_slider_layout_square":["https:\/\/xn--ligeri-5ya.com\/wp-content\/uploads\/2024\/01\/selfie-600x600.jpg",600,600,true],"full":["https:\/\/xn--ligeri-5ya.com\/wp-content\/uploads\/2024\/01\/selfie-scaled.jpg",2560,2560,false]},"jetpack_publicize_connections":[],"jetpack_sharing_enabled":true,"_links":{"self":[{"href":"https:\/\/xn--ligeri-5ya.com\/index.php?rest_route=\/wp\/v2\/product\/119","targetHints":{"allow":["GET"]}}],"collection":[{"href":"https:\/\/xn--ligeri-5ya.com\/index.php?rest_route=\/wp\/v2\/product"}],"about":[{"href":"https:\/\/xn--ligeri-5ya.com\/index.php?rest_route=\/wp\/v2\/types\/product"}],"replies":[{"embeddable":true,"href":"https:\/\/xn--ligeri-5ya.com\/index.php?rest_route=%2Fwp%2Fv2%2Fcomments&post=119"}],"wp:featuredmedia":[{"embeddable":true,"href":"https:\/\/xn--ligeri-5ya.com\/index.php?rest_route=\/wp\/v2\/media\/58"}],"wp:attachment":[{"href":"https:\/\/xn--ligeri-5ya.com\/index.php?rest_route=%2Fwp%2Fv2%2Fmedia&parent=119"}],"wp:term":[{"taxonomy":"product_brand","embeddable":true,"href":"https:\/\/xn--ligeri-5ya.com\/index.php?rest_route=%2Fwp%2Fv2%2Fproduct_brand&post=119"},{"taxonomy":"product_cat","embeddable":true,"href":"https:\/\/xn--ligeri-5ya.com\/index.php?rest_route=%2Fwp%2Fv2%2Fproduct_cat&post=119"},{"taxonomy":"product_tag","embeddable":true,"href":"https:\/\/xn--ligeri-5ya.com\/index.php?rest_route=%2Fwp%2Fv2%2Fproduct_tag&post=119"}],"curies":[{"name":"wp","href":"https:\/\/api.w.org\/{rel}","templated":true}]}}