{"id":120,"date":"2024-01-28T21:18:25","date_gmt":"2024-01-28T20:18:25","guid":{"rendered":"https:\/\/xn--ligeri-5ya.com\/?post_type=product&#038;p=120"},"modified":"2024-01-28T21:20:42","modified_gmt":"2024-01-28T20:20:42","slug":"encuentro","status":"publish","type":"product","link":"https:\/\/xn--ligeri-5ya.com\/?product=encuentro","title":{"rendered":"Encuentro"},"content":{"rendered":"<p>Painting, Acrylic and Oil on Canvas<br \/>Size:\u00a0100 W x 100 H x 4 D cm<\/p>\n","protected":false},"excerpt":{"rendered":"<p><span style=\"font-family: CrimsonText-Roman;font-size: 16px\">Pintura realista donde realzamos la naturalidad del paisaje actual mediante la inclusi\u00f3n de drones y la figura del ex torero y actor Oscar Higares quien camina hacia una figura cl\u00e1sica de mujer entre pa\u00f1os, rodeado de verde contrastando con la playa y el mar. Oleo y Acr\u00edlico sobre lienzo. T\u00e9cnica mixta. Mis obras est\u00e1n incluidas en las colecciones destacadas de Saatchi Art y forman parte de muchas colecciones privadas en todo el mundo. Listo para colgar. No se requiere enmarcado (se puede enmarcar). Firmado al dorso.<\/span><\/p>\n","protected":false},"featured_media":51,"comment_status":"open","ping_status":"closed","template":"","meta":{"_regular_price":["2270"],"currency_symbol":[],"jetpack_publicize_message":"","jetpack_publicize_feature_enabled":true,"jetpack_social_post_already_shared":false,"jetpack_social_options":{"image_generator_settings":{"template":"highway","default_image_id":0,"font":"","enabled":false},"version":2}},"product_brand":[],"product_cat":[19],"product_tag":[],"class_list":{"0":"post-120","1":"product","2":"type-product","3":"status-publish","4":"has-post-thumbnail","6":"product_cat-fineart","8":"first","9":"instock","10":"taxable","11":"shipping-taxable","12":"purchasable","13":"product-type-simple"},"post_slider_layout_featured_media_urls":{"thumbnail":["https:\/\/xn--ligeri-5ya.com\/wp-content\/uploads\/2024\/01\/El-Encuentro-150x150.jpg",150,150,true],"post_slider_layout_landscape_large":["https:\/\/xn--ligeri-5ya.com\/wp-content\/uploads\/2024\/01\/El-Encuentro-1200x800.jpg",1200,800,true],"post_slider_layout_portrait_large":["https:\/\/xn--ligeri-5ya.com\/wp-content\/uploads\/2024\/01\/El-Encuentro-1200x1800.jpg",1200,1800,true],"post_slider_layout_square_large":["https:\/\/xn--ligeri-5ya.com\/wp-content\/uploads\/2024\/01\/El-Encuentro-1200x1200.jpg",1200,1200,true],"post_slider_layout_landscape":["https:\/\/xn--ligeri-5ya.com\/wp-content\/uploads\/2024\/01\/El-Encuentro-600x400.jpg",600,400,true],"post_slider_layout_portrait":["https:\/\/xn--ligeri-5ya.com\/wp-content\/uploads\/2024\/01\/El-Encuentro-600x900.jpg",600,900,true],"post_slider_layout_square":["https:\/\/xn--ligeri-5ya.com\/wp-content\/uploads\/2024\/01\/El-Encuentro-600x600.jpg",600,600,true],"full":["https:\/\/xn--ligeri-5ya.com\/wp-content\/uploads\/2024\/01\/El-Encuentro-scaled.jpg",2560,2560,false]},"jetpack_publicize_connections":[],"jetpack_sharing_enabled":true,"_links":{"self":[{"href":"https:\/\/xn--ligeri-5ya.com\/index.php?rest_route=\/wp\/v2\/product\/120","targetHints":{"allow":["GET"]}}],"collection":[{"href":"https:\/\/xn--ligeri-5ya.com\/index.php?rest_route=\/wp\/v2\/product"}],"about":[{"href":"https:\/\/xn--ligeri-5ya.com\/index.php?rest_route=\/wp\/v2\/types\/product"}],"replies":[{"embeddable":true,"href":"https:\/\/xn--ligeri-5ya.com\/index.php?rest_route=%2Fwp%2Fv2%2Fcomments&post=120"}],"wp:featuredmedia":[{"embeddable":true,"href":"https:\/\/xn--ligeri-5ya.com\/index.php?rest_route=\/wp\/v2\/media\/51"}],"wp:attachment":[{"href":"https:\/\/xn--ligeri-5ya.com\/index.php?rest_route=%2Fwp%2Fv2%2Fmedia&parent=120"}],"wp:term":[{"taxonomy":"product_brand","embeddable":true,"href":"https:\/\/xn--ligeri-5ya.com\/index.php?rest_route=%2Fwp%2Fv2%2Fproduct_brand&post=120"},{"taxonomy":"product_cat","embeddable":true,"href":"https:\/\/xn--ligeri-5ya.com\/index.php?rest_route=%2Fwp%2Fv2%2Fproduct_cat&post=120"},{"taxonomy":"product_tag","embeddable":true,"href":"https:\/\/xn--ligeri-5ya.com\/index.php?rest_route=%2Fwp%2Fv2%2Fproduct_tag&post=120"}],"curies":[{"name":"wp","href":"https:\/\/api.w.org\/{rel}","templated":true}]}}